{"id":999,"date":"2019-11-11T23:28:41","date_gmt":"2019-11-11T14:28:41","guid":{"rendered":"https:\/\/andkow.com\/?page_id=999"},"modified":"2019-11-12T00:08:36","modified_gmt":"2019-11-11T15:08:36","slug":"brass-fr","status":"publish","type":"page","link":"https:\/\/andkow.com\/fr\/brass-fr\/","title":{"rendered":"BRASS"},"content":{"rendered":"\n<img loading=\"lazy\" decoding=\"async\" src=\"https:\/\/andkow.com\/wp-content\/uploads\/2019\/08\/3001c83393e1bbc058ae94886cfd721e.png\" alt=\"3001c83393e1bbc058ae94886cfd721e\" itemprop=\"image\" height=\"400\" width=\"400\" title=\"3001c83393e1bbc058ae94886cfd721e\" onerror=\"this.style.display='none'\">\n\tlanguage switcher<br>\n<ul class=\"bogo-language-switcher list-view\"><li class=\"en-GB en first\"><span class=\"bogoflags bogoflags-gb\"><\/span> <span class=\"bogo-language-name\"><a rel=\"alternate\" hreflang=\"en-GB\" href=\"https:\/\/andkow.com\/en\/wp-json\/wp\/v2\/pages\/999\/\" title=\"English\">English<\/a><\/span><\/li>\n<li class=\"fr-FR fr current\"><span class=\"bogoflags bogoflags-fr\"><\/span> <span class=\"bogo-language-name\"><a rel=\"alternate\" hreflang=\"fr-FR\" href=\"https:\/\/andkow.com\/fr\/wp-json\/wp\/v2\/pages\/999\/\" title=\"French\" class=\"current\" aria-current=\"page\">Fran\u00e7ais<\/a><\/span><\/li>\n<li class=\"ja last\"><span class=\"bogoflags bogoflags-jp\"><\/span> <span class=\"bogo-language-name\"><a rel=\"alternate\" hreflang=\"ja\" href=\"https:\/\/andkow.com\/wp-json\/wp\/v2\/pages\/999\/\" title=\"Japanese\">\u65e5\u672c\u8a9e<\/a><\/span><\/li>\n<\/ul>\n<h2>\n\t\tMATERIAL\n\t<\/h2>\n\t\t\t\t<img loading=\"lazy\" decoding=\"async\" src=\"https:\/\/andkow.com\/wp-content\/uploads\/2019\/09\/004.jpg\" alt=\"004\" itemprop=\"image\" height=\"1080\" width=\"1920\" title=\"004\" onerror=\"this.style.display='none'\">\n\t<p>Dans leur grande majorit\u00e9, les produits en laiton propos\u00e9s par Andkow sont fabriqu\u00e9s \u00e0 partir de douilles d\u2019obus et de balles, r\u00e9cup\u00e9r\u00e9es puis fondues.<\/p>\n<p>Des munitions, fabriqu\u00e9es dans le but de blesser ou de tuer des personnes, sont transform\u00e9es en accessoires permettant aux hommes et aux femmes de resplendir.<\/p>\n<p>Si le mat\u00e9riau est le m\u00eame, changer sa forme permet de changer son but.<\/p>\n<p>Le message que Andkow entend d\u00e9livrer est le suivant : \u00ab A travers nos produits nous montrons que le n\u00e9gatif peut se transformer en positif \u00bb.<\/p>\n<h2>\n\t\tPROCESS\n\t<\/h2>\n\t\t\t\t<img loading=\"lazy\" decoding=\"async\" src=\"https:\/\/andkow.com\/wp-content\/uploads\/2019\/09\/process_01-1024x576.jpg\" alt=\"process_01\" itemprop=\"image\" height=\"576\" width=\"1024\" title=\"process_01\" onerror=\"this.style.display='none'\">\n\t\t\t\t<img loading=\"lazy\" decoding=\"async\" src=\"https:\/\/andkow.com\/wp-content\/uploads\/2019\/10\/process_04-1.png\" alt=\"process_04\" itemprop=\"image\" height=\"450\" width=\"800\" title=\"process_04\" onerror=\"this.style.display='none'\">\n<p><strong>\u00ab Le laiton, le mat\u00e9riau qui embellit au fur et \u00e0 mesure qu\u2019on le porte \u00bb<\/strong><\/p>\n<p>Le laiton r\u00e9siste particuli\u00e8rement bien \u00e0 la corrosion de l\u2019eau de mer. De plus, c\u2019est un mat\u00e9riau facile \u00e0 travailler. C\u2019est pourquoi il a \u00e9t\u00e9 toujours \u00e9t\u00e9 appr\u00e9ci\u00e9 dans des industries diverses telles que l\u2019architecture, la construction navale ou encore la fabrication de meubles, et cela depuis des temps anciens.<\/p>\n<p>De plus, le laiton est un mat\u00e9riau qui scintille et qui poss\u00e8de une texture souple. Ces particularit\u00e9s font qu\u2019il a \u00e9t\u00e9 toujours \u00e9t\u00e9 appr\u00e9ci\u00e9 par les artistes et les artisans.<\/p>\n<p>Le laiton dor\u00e9 antique, poss\u00e8de une texture unique, qui lui permet de prendre de l\u2019\u00e2ge s\u2019il est bien entretenu.<\/p>\n<p>Nos produits sont tous fabriqu\u00e9s \u00e0 la main par des artisans Khmers qui effectuent un travail de pr\u00e9cision et ne peuvent \u2013 en aucun cas &#8211; \u00eatre confondus avec des objets similaires sortis d\u2019usines.<\/p>\n<h2>\n\t\tPROJECT\n\t<\/h2>\n\t\t\t\t<a href=\"http:\/\/forks-for-folks.com\/\" target=\"_blank\" rel=\"noopener noreferrer\" itemprop=\"url\">\n\t\t\t\t<img loading=\"lazy\" decoding=\"async\" src=\"https:\/\/andkow.com\/wp-content\/uploads\/2019\/09\/e24de3d16752a40f04e96dde522804c6-722x1024.jpg\" alt=\"e24de3d16752a40f04e96dde522804c6\" itemprop=\"image\" height=\"1024\" width=\"722\" title=\"e24de3d16752a40f04e96dde522804c6\" onerror=\"this.style.display='none'\">\n\t\t\t\t<\/a>\n\t\t\t<a href=\"#\" target=\"_self\" role=\"button\" rel=\"noopener noreferrer\">\n\t\t\t\t\t\t\tsee more\n\t\t\t\t\t<\/a>\n<h2>\n\t\tNOTICE\n\t<\/h2>\n<p><strong>Pr\u00e9caution d\u2019utilisation<\/strong><\/p>\n<p>M\u00eame si le laiton poss\u00e8de une noble texture qui s\u2019enrichit avec l\u2019\u00e2ge, il s\u2019agit aussi d\u2019un m\u00e9tal vuln\u00e9rable \u00e0 la moisissure et \u00e0 la sueur, susceptible de noircir et de se d\u00e9colorer avec le temps. De plus, c\u2019est un mat\u00e9riau sensiblement plus d\u00e9licat que l\u2019argent et qui ne supporte pas de lourdes charges.<\/p>\n<p>S\u2019il est vrai qu\u2019il poss\u00e8de une couleur profonde et antique, il est n\u00e9cessaire n\u00e9anmoins d\u2019en prendre soin.<\/p>\n<p>&nbsp;<\/p>\n<p><strong>Comment en prendre soin&nbsp;:<\/strong><\/p>\n<p>&#8211; En le nettoyant fr\u00e9quemment avec un chiffon sec, cela lui donne une brillance sombre et \u00e9l\u00e9gante<\/p>\n<p>&#8211; Si le produit d\u2019assombrit \u00e0 cause de la sueur, il peut \u00eatre tremp\u00e9 dans un verre contenant une petite quantit\u00e9 de vinaigre pendant un petit moment<\/p>\n<p>&#8211; Lorsque son aspect sombre a disparu, rincer le produit avec de l\u2019eau puis l\u2019essuyer avec un chiffon sec, de fa\u00e7on \u00e0 restaurer son \u00e9clat d\u2019origine.<\/p>\n<p>Il convient n\u00e9anmoins d\u2019\u00eatre attentif \u00e0 ne pas tremper le produit en laiton trop fr\u00e9quemment dans le vinaigre, cela pouvant conduire \u00e0 modifier sa couleur.<\/p>\n\t\t\t<a href=\"#\" target=\"_self\" role=\"button\" rel=\"noopener noreferrer\">\n\t\t\t\t\t\t\tsee more\n\t\t\t\t\t<\/a>\n<h2>\n\t\tCONTACT\n\t<\/h2>\n\t<iframe loading=\"lazy\" width=\"560\" height=\"315\" src=\"https:\/\/www.youtube.com\/embed\/cNCngVpjTeg\" frameborder=\"0\" allow=\"accelerometer; autoplay; encrypted-media; gyroscope; picture-in-picture\" allowfullscreen=\"\"><\/iframe>\n\t<h4>Opening Hours<\/h4>\n<table>\n<colgroup>\n<col>\n<col> <\/colgroup>\n<tbody>\n<tr>\n<td>Monday &#8211; Thursday<\/td>\n<td>10:00 am &#8211; 18:00 pm<\/td>\n<\/tr>\n<tr>\n<td>Friday &#8211; Saturday<\/td>\n<td>10:00 am &#8211; 19:00 pm<\/td>\n<\/tr>\n<tr>\n<td>Sunday<\/td>\n<td>close<\/td>\n<\/tr>\n<\/tbody>\n<\/table>\n\t<h4>Follow&nbsp;Us<\/h4>\n<p>You can follow Let&rsquo;s Meat on all major social platforms. News, contests and special offers are announced on these platforms.<\/p>\n\tlanguage switcher<br>\n<ul class=\"bogo-language-switcher list-view\"><li class=\"en-GB en first\"><span class=\"bogoflags bogoflags-gb\"><\/span> <span class=\"bogo-language-name\"><a rel=\"alternate\" hreflang=\"en-GB\" href=\"https:\/\/andkow.com\/en\/wp-json\/wp\/v2\/pages\/999\/\" title=\"English\">English<\/a><\/span><\/li>\n<li class=\"fr-FR fr current\"><span class=\"bogoflags bogoflags-fr\"><\/span> <span class=\"bogo-language-name\"><a rel=\"alternate\" hreflang=\"fr-FR\" href=\"https:\/\/andkow.com\/fr\/wp-json\/wp\/v2\/pages\/999\/\" title=\"French\" class=\"current\" aria-current=\"page\">Fran\u00e7ais<\/a><\/span><\/li>\n<li class=\"ja last\"><span class=\"bogoflags bogoflags-jp\"><\/span> <span class=\"bogo-language-name\"><a rel=\"alternate\" hreflang=\"ja\" href=\"https:\/\/andkow.com\/wp-json\/wp\/v2\/pages\/999\/\" title=\"Japanese\">\u65e5\u672c\u8a9e<\/a><\/span><\/li>\n<\/ul>\n\t\t\t<a href=\"https:\/\/andkow.com\/contact\/\" target=\"_self\" role=\"button\" rel=\"noopener noreferrer\">\n\t\t\t\t\t\t\tsee more\n\t\t\t\t\t<\/a>\n\t<h6>\u00a9 Andkow &amp; Co. All rights reserved.<\/h6>\n","protected":false},"excerpt":{"rendered":"<p>language switcher MATERIAL Dans leur grande majorit\u00e9, les produits en laiton propos\u00e9s par Andkow sont fabriqu\u00e9&hellip;<\/p>\n","protected":false},"author":1,"featured_media":0,"parent":0,"menu_order":0,"comment_status":"closed","ping_status":"closed","template":"","meta":{"_locale":"fr_FR","_original_post":"749","footnotes":""},"class_list":["post-999","page","type-page","status-publish","hentry","fr-FR"],"aioseo_notices":[],"_links":{"self":[{"href":"https:\/\/andkow.com\/wp-json\/wp\/v2\/pages\/999","targetHints":{"allow":["GET"]}}],"collection":[{"href":"https:\/\/andkow.com\/wp-json\/wp\/v2\/pages"}],"about":[{"href":"https:\/\/andkow.com\/wp-json\/wp\/v2\/types\/page"}],"author":[{"embeddable":true,"href":"https:\/\/andkow.com\/wp-json\/wp\/v2\/users\/1"}],"replies":[{"embeddable":true,"href":"https:\/\/andkow.com\/wp-json\/wp\/v2\/comments?post=999"}],"version-history":[{"count":4,"href":"https:\/\/andkow.com\/wp-json\/wp\/v2\/pages\/999\/revisions"}],"predecessor-version":[{"id":1014,"href":"https:\/\/andkow.com\/wp-json\/wp\/v2\/pages\/999\/revisions\/1014"}],"wp:attachment":[{"href":"https:\/\/andkow.com\/wp-json\/wp\/v2\/media?parent=999"}],"curies":[{"name":"wp","href":"https:\/\/api.w.org\/{rel}","templated":true}]}}