{"id":982,"date":"2019-11-11T22:59:29","date_gmt":"2019-11-11T13:59:29","guid":{"rendered":"https:\/\/andkow.com\/?page_id=982"},"modified":"2019-11-12T00:07:30","modified_gmt":"2019-11-11T15:07:30","slug":"about-fr","status":"publish","type":"page","link":"https:\/\/andkow.com\/fr\/about-fr\/","title":{"rendered":"ABOUT"},"content":{"rendered":"\n<img loading=\"lazy\" decoding=\"async\" src=\"https:\/\/andkow.com\/wp-content\/uploads\/2019\/08\/3001c83393e1bbc058ae94886cfd721e.png\" alt=\"3001c83393e1bbc058ae94886cfd721e\" itemprop=\"image\" height=\"400\" width=\"400\" title=\"3001c83393e1bbc058ae94886cfd721e\" onerror=\"this.style.display='none'\">\n\t<p>language switcher<\/p>\n<ul class=\"bogo-language-switcher list-view\"><li class=\"en-GB en first\"><span class=\"bogoflags bogoflags-gb\"><\/span> <span class=\"bogo-language-name\"><a rel=\"alternate\" hreflang=\"en-GB\" href=\"https:\/\/andkow.com\/en\/wp-json\/wp\/v2\/pages\/982\/\" title=\"English\">English<\/a><\/span><\/li>\n<li class=\"fr-FR fr current\"><span class=\"bogoflags bogoflags-fr\"><\/span> <span class=\"bogo-language-name\"><a rel=\"alternate\" hreflang=\"fr-FR\" href=\"https:\/\/andkow.com\/fr\/wp-json\/wp\/v2\/pages\/982\/\" title=\"French\" class=\"current\" aria-current=\"page\">Fran\u00e7ais<\/a><\/span><\/li>\n<li class=\"ja last\"><span class=\"bogoflags bogoflags-jp\"><\/span> <span class=\"bogo-language-name\"><a rel=\"alternate\" hreflang=\"ja\" href=\"https:\/\/andkow.com\/wp-json\/wp\/v2\/pages\/982\/\" title=\"Japanese\">\u65e5\u672c\u8a9e<\/a><\/span><\/li>\n<\/ul>\n<h2>\n\t\tABOUT\n\t<\/h2>\n<h3>\n\t\tPersonne ne peut vous prendre vos souvenirs\n\t<\/h3>\n\t\t\t\t<img loading=\"lazy\" decoding=\"async\" src=\"https:\/\/andkow.com\/wp-content\/uploads\/2019\/08\/DSC_8686.jpg\" alt=\"DSC_8686\" itemprop=\"image\" height=\"2048\" width=\"1367\" title=\"DSC_8686\" onerror=\"this.style.display='none'\">\n\tUn pr\u00e9cieux moment v\u00e9cu en famille,<br>\nDu temps pass\u00e9 avec des \u00eatres aim\u00e9s,<br>\nUn voyage inoubliable en toute intimit\u00e9,<br>\nUne odeur, une ambiance, un son, li\u00e9s \u00e0 ces moments.\n<p>Les souvenirs et les r\u00e9miniscences sont immat\u00e9riels. En vous, pour longtemps, vous vous y plongerez encore et encore.<\/p>\n<p>Le cuir et le laiton (cuivre jaune), tout comme vos souvenirs, durent longtemps.<\/p>\nUn sac, c\u2019est plus que les objets qu\u2019il contient, c\u2019est des souvenirs qu\u2019il transporte,<br>\nUn bouton, c\u2019est plus qu\u2019une attache \u00e0 un v\u00eatement, c\u2019est faire tenir pass\u00e9, pr\u00e9sent et futur ensemble avec quelqu\u2019un de sp\u00e9cial pour vous.\nDe simples souvenirs de votre vie au quotidien. Le moment cl\u00e9 de votre vie. <br>\nUne visite inoubliable. Des variations au jour le jour.\n<p>Andkow et ses cr\u00e9ations vous accompagnent pour la vie.<\/p>\nLes sacs Andkow transportent vos souvenirs, pas seulement vos objets, <br>\nAndkow, l\u2019album de vos souvenirs.<br>\nTel est l\u2019\u00e9tat d\u2019esprit d\u2019Andkow Artisanat\n\t<p><strong>L\u2019origine de la marque Andkow<\/strong><\/p>\n<p>Andkow est un petit atelier de cuir et de laiton qui a vu le jour \u00e0 Siem Reap, au Cambodge.<\/p>\n<p>Andkow a trois significations :<\/p>\n&#8211; \u201cAngkor\u201d est un site sacr\u00e9 au Cambodge<br>\n&#8211; \u00ab Kow (khao) \u00bb signifie vache en Khmer (cambodgien)<br>\n&#8211; \u9999(kou) signifie encens, fragrance et ar\u00f4me.\n<h2>\n\t\t<a href=\"https:\/\/www.andkow.shop\/\" title=\"MATERIAL\" target=\"_self\" rel=\"noopener noreferrer\">\n\t\tMATERIAL\n\t\t<\/a>\n\t<\/h2>\n\t\t\t\t<a href=\"https:\/\/andkow.com\/leather\/\" target=\"_self\" itemprop=\"url\" rel=\"noopener noreferrer\">\n\t\t\t\t<img loading=\"lazy\" decoding=\"async\" src=\"https:\/\/andkow.com\/wp-content\/uploads\/2019\/09\/andkow_hp_leather_02.jpg\" alt=\"andkow_hp_leather_02\" itemprop=\"image\" height=\"400\" width=\"600\" title=\"andkow_hp_leather_02\" onerror=\"this.style.display='none'\">\n\t\t\t\t<\/a>\n\t\t\t\t<a href=\"https:\/\/andkow.com\/brass\/\" target=\"_self\" itemprop=\"url\" rel=\"noopener noreferrer\">\n\t\t\t\t<img loading=\"lazy\" decoding=\"async\" src=\"https:\/\/andkow.com\/wp-content\/uploads\/2019\/09\/andkow_hp_brass_01.jpg\" alt=\"andkow_hp_brass_01\" itemprop=\"image\" height=\"400\" width=\"600\" title=\"andkow_hp_brass_01\" onerror=\"this.style.display='none'\">\n\t\t\t\t<\/a>\n\t\t\t<a href=\"https:\/\/www.andkow.shop\/\" target=\"_blank\" role=\"button\" rel=\"noopener noreferrer\">\n\t\t\t\t\t\t\tsee more\n\t\t\t\t\t<\/a>\n<h2>\n\t\tCRAFTSMAN\n\t<\/h2>\n\t<p><strong>Les artisans<\/strong><\/p>\n<p>Tous les artisans de Andkow ont \u00e9t\u00e9 form\u00e9s avec soin et investissent leur temps et leurs efforts \u00e0 la r\u00e9alisation de produits Andkow de qualit\u00e9.<\/p>\nAvant de devenir ces artisans :<br>\n&#8211; Certains ont \u00e9t\u00e9 contraints d\u2019arr\u00eater l\u2019\u00e9cole<br>\n&#8211; Certains ont \u00e9t\u00e9 forc\u00e9s de partir \u00e0 l\u2019\u00e9tranger pour travailler et y ont exerc\u00e9 des t\u00e2ches tr\u00e8s dures <br>\n&#8211; Certains survivaient au jour le jour, avec les moyens du bord\n<p>Ils sont aujourd\u2019hui des artisans respect\u00e9s, fiers et enthousiastes qui ont fait leurs preuves<\/p>\n<p>L\u2019atelier a constitu\u00e9 un fondement dans la reprise en main de leur vie et une opportunit\u00e9 pour la ma\u00eetrise de leur avenir.<\/p>\nL\u2019atelier Andkow ne se contente pas de proposer un travail alimentaire, il voit plus loin pour ses artisans. <br>\nIl offre une conception de ce que doit \u00eatre l\u2019artisanat.<br>\nDans une vie qui a du sens, le succ\u00e8s est in\u00e9vitable.<br>\nL\u2019artisanat, plus qu\u2019un emploi, est une vocation.\nA Andkow, nous discutons en permanence des diff\u00e9rentes m\u00e9thodes de fabrication.<br>\nNous ne sommes pas toujours d\u2019accord, nous discutons alors et ne cessons d\u2019am\u00e9liorer et d\u2019enrichir nos m\u00e9thodes de production.\n<p>Nous ne nous fatiguons jamais de faire ce qui nous passionne. En plus de notre savoir faire et de notre implication, nous mettons notre temps et notre c\u0153ur dans chaque pi\u00e8ce que nous produisons.<\/p>\nM\u00eame si\u2026<br>\nVous n\u2019avez pas d\u2019argent,<br>\nVous avez perdu votre travail,<br>\nVous avez perdu votre maison,<br>\nVous avez \u00e9t\u00e9 expuls\u00e9 de votre terre,<br>\nVous avez \u00e9t\u00e9 expuls\u00e9 de votre village natal,<br>\nVotre histoire vous a \u00e9t\u00e9 enlev\u00e9e,<br>\nQu\u2019il ne vous reste plus rien en dehors de votre savoir-faire,<br>\nVotre savoir-faire restera toujours ancr\u00e9 en vous.\nNi instruction, ni mod\u00e8le,<br>\nRien que la m\u00e9moire d\u2019une main dont le corps se souvient.\n\u00ab Personne ne peut vous prendre vos souvenirs \u00bb<br>\nLe travail artisanal a non seulement le pouvoir de cr\u00e9er des objets mais aussi un futur.\n\t\t\t<a href=\"https:\/\/www.andkow.shop\/\" target=\"_blank\" role=\"button\" rel=\"noopener noreferrer\">\n\t\t\t\t\t\t\tview shop\n\t\t\t\t\t<\/a>\n<h2>\n\t\tCONTACT\n\t<\/h2>\n\t<iframe loading=\"lazy\" width=\"560\" height=\"315\" src=\"https:\/\/www.youtube.com\/embed\/cNCngVpjTeg\" frameborder=\"0\" allow=\"accelerometer; autoplay; encrypted-media; gyroscope; picture-in-picture\" allowfullscreen=\"\"><\/iframe>\n\t<h4>Opening Hours<\/h4>\n<table>\n<colgroup>\n<col>\n<col> <\/colgroup>\n<tbody>\n<tr>\n<td>Monday &#8211; Thursday<\/td>\n<td>10:00 am &#8211; 18:00 pm<\/td>\n<\/tr>\n<tr>\n<td>Friday &#8211; Saturday<\/td>\n<td>10:00 am &#8211; 19:00 pm<\/td>\n<\/tr>\n<tr>\n<td>Sunday<\/td>\n<td>close<\/td>\n<\/tr>\n<\/tbody>\n<\/table>\n\t<h4>Follow&nbsp;Us<\/h4>\n<p>You can follow Let&rsquo;s Meat on all major social platforms. News, contests and special offers are announced on these platforms.<\/p>\n\t<p>language switcher<\/p>\n<ul class=\"bogo-language-switcher list-view\"><li class=\"en-GB en first\"><span class=\"bogoflags bogoflags-gb\"><\/span> <span class=\"bogo-language-name\"><a rel=\"alternate\" hreflang=\"en-GB\" href=\"https:\/\/andkow.com\/en\/wp-json\/wp\/v2\/pages\/982\/\" title=\"English\">English<\/a><\/span><\/li>\n<li class=\"fr-FR fr current\"><span class=\"bogoflags bogoflags-fr\"><\/span> <span class=\"bogo-language-name\"><a rel=\"alternate\" hreflang=\"fr-FR\" href=\"https:\/\/andkow.com\/fr\/wp-json\/wp\/v2\/pages\/982\/\" title=\"French\" class=\"current\" aria-current=\"page\">Fran\u00e7ais<\/a><\/span><\/li>\n<li class=\"ja last\"><span class=\"bogoflags bogoflags-jp\"><\/span> <span class=\"bogo-language-name\"><a rel=\"alternate\" hreflang=\"ja\" href=\"https:\/\/andkow.com\/wp-json\/wp\/v2\/pages\/982\/\" title=\"Japanese\">\u65e5\u672c\u8a9e<\/a><\/span><\/li>\n<\/ul>\n\t\t\t<a href=\"https:\/\/andkow.com\/contact\/\" target=\"_self\" role=\"button\" rel=\"noopener noreferrer\">\n\t\t\t\t\t\t\tsee more\n\t\t\t\t\t<\/a>\n\t<h6>\u00a9 Andkow &amp; Co. All rights reserved.<\/h6>\n","protected":false},"excerpt":{"rendered":"<p>language switcher ABOUT Personne ne peut vous prendre vos souvenirs Un pr\u00e9cieux moment v\u00e9cu en famille, Du tem&hellip;<\/p>\n","protected":false},"author":1,"featured_media":0,"parent":0,"menu_order":0,"comment_status":"closed","ping_status":"closed","template":"","meta":{"_locale":"fr_FR","_original_post":"29","footnotes":""},"class_list":["post-982","page","type-page","status-publish","hentry","fr-FR"],"aioseo_notices":[],"_links":{"self":[{"href":"https:\/\/andkow.com\/wp-json\/wp\/v2\/pages\/982","targetHints":{"allow":["GET"]}}],"collection":[{"href":"https:\/\/andkow.com\/wp-json\/wp\/v2\/pages"}],"about":[{"href":"https:\/\/andkow.com\/wp-json\/wp\/v2\/types\/page"}],"author":[{"embeddable":true,"href":"https:\/\/andkow.com\/wp-json\/wp\/v2\/users\/1"}],"replies":[{"embeddable":true,"href":"https:\/\/andkow.com\/wp-json\/wp\/v2\/comments?post=982"}],"version-history":[{"count":3,"href":"https:\/\/andkow.com\/wp-json\/wp\/v2\/pages\/982\/revisions"}],"predecessor-version":[{"id":1013,"href":"https:\/\/andkow.com\/wp-json\/wp\/v2\/pages\/982\/revisions\/1013"}],"wp:attachment":[{"href":"https:\/\/andkow.com\/wp-json\/wp\/v2\/media?parent=982"}],"curies":[{"name":"wp","href":"https:\/\/api.w.org\/{rel}","templated":true}]}}